{"id":405,"date":"2016-09-23T08:57:49","date_gmt":"2016-09-23T11:57:49","guid":{"rendered":"http:\/\/finanancial.wpengine.com\/?page_id=405"},"modified":"2022-08-25T15:48:48","modified_gmt":"2022-08-25T18:48:48","slug":"contato","status":"publish","type":"page","link":"https:\/\/acglobaltravel.com\/agenciamaritima\/contato\/","title":{"rendered":"Contato"},"content":{"rendered":"<p>[vc_row full_width=&#8221;stretch_row_content_no_spaces&#8221; full_height=&#8221;yes&#8221; content_placement=&#8221;middle&#8221; bg_type=&#8221;image&#8221; parallax_style=&#8221;vcpb-default&#8221; bg_image_new=&#8221;id^1897|url^http:\/\/acglobaltravel.com\/site\/wp-content\/uploads\/2020\/12\/contato-1.png|caption^null|alt^null|title^contato|description^null&#8221; bg_image_repeat=&#8221;no-repeat&#8221; css=&#8221;.vc_custom_1609368651065{margin-bottom: 50px !important;padding-top: 100px !important;padding-bottom: 100px !important;}&#8221; el_id=&#8221;fundo_linha&#8221;][vc_column][vc_row_inner spacing=&#8221;default_no_spaces&#8221;][vc_column_inner][vc_column_text]<\/p>\n<h2 style=\"text-align: center; color: #fff; font-size: 3.5em; font-weight: bold;\">CONTATO<\/h2>\n<p>[\/vc_column_text]<div class=\"ult-just-icon-wrapper  \"><div class=\"align-icon\" style=\"text-align:center;\">\n<a class=\"aio-tooltip 69d406b7893ac\" href=\"#contato\"  data-toggle=\"tooltip\" data-placement=\"\"><div class=\"aio-icon none \" data-animation=\"bounceInDown\" data-animation-delay=\"03\" style=\"color:#ffffff;font-size:32px;display:inline-block;\">\n\t<i class=\"Defaults-angle-down\"><\/i>\n<\/div><\/a><\/div><\/div>[\/vc_column_inner][\/vc_row_inner][\/vc_column][\/vc_row][vc_row content_placement=&#8221;middle&#8221; css_animation=&#8221;fadeInLeft&#8221; el_id=&#8221;contato&#8221; css=&#8221;.vc_custom_1609368895340{padding-top: 150px !important;}&#8221; el_class=&#8221;linha_098&#8243;][vc_column css_animation=&#8221;top-to-bottom&#8221; width=&#8221;1\/2&#8243;]<div role=\"form\" class=\"wpcf7\" id=\"wpcf7-f1524-o1\" lang=\"en-US\" dir=\"ltr\">\n<div class=\"screen-reader-response\"><p role=\"status\" aria-live=\"polite\" aria-atomic=\"true\"><\/p> <ul><\/ul><\/div>\n<form action=\"\/agenciamaritima\/wp-json\/wp\/v2\/pages\/405#wpcf7-f1524-o1\" method=\"post\" class=\"wpcf7-form init\" novalidate=\"novalidate\" data-status=\"init\">\n<div style=\"display: none;\">\n<input type=\"hidden\" name=\"_wpcf7\" value=\"1524\" \/>\n<input type=\"hidden\" name=\"_wpcf7_version\" value=\"5.3.2\" \/>\n<input type=\"hidden\" name=\"_wpcf7_locale\" value=\"en_US\" \/>\n<input type=\"hidden\" name=\"_wpcf7_unit_tag\" value=\"wpcf7-f1524-o1\" \/>\n<input type=\"hidden\" name=\"_wpcf7_container_post\" value=\"0\" \/>\n<input type=\"hidden\" name=\"_wpcf7_posted_data_hash\" value=\"\" \/>\n<\/div>\n<p><label><span class=\"wpcf7-form-control-wrap your-name\"><input type=\"text\" name=\"your-name\" value=\"\" size=\"40\" class=\"wpcf7-form-control wpcf7-text wpcf7-validates-as-required\" aria-required=\"true\" aria-invalid=\"false\" placeholder=\"Nome*\" \/><\/span> <\/label><\/p>\n<p><label><span class=\"wpcf7-form-control-wrap your-email\"><input type=\"email\" name=\"your-email\" value=\"\" size=\"40\" class=\"wpcf7-form-control wpcf7-text wpcf7-email wpcf7-validates-as-required wpcf7-validates-as-email\" aria-required=\"true\" aria-invalid=\"false\" placeholder=\"E-mail*\" \/><\/span> <\/label><\/p>\n<p><label><span class=\"wpcf7-form-control-wrap your-email\"><input type=\"text\" name=\"your-email\" value=\"\" size=\"40\" class=\"wpcf7-form-control wpcf7-text wpcf7-validates-as-required\" aria-required=\"true\" aria-invalid=\"false\" placeholder=\"Telefone*\" \/><\/span> <\/label><\/p>\n<p><label><span class=\"wpcf7-form-control-wrap assunto\"><input type=\"text\" name=\"assunto\" value=\"\" size=\"40\" class=\"wpcf7-form-control wpcf7-text wpcf7-validates-as-required\" aria-required=\"true\" aria-invalid=\"false\" placeholder=\"Assunto*\" \/><\/span> <\/label><\/p>\n<p><label><span class=\"wpcf7-form-control-wrap empresa\"><input type=\"text\" name=\"empresa\" value=\"\" size=\"40\" class=\"wpcf7-form-control wpcf7-text wpcf7-validates-as-required\" aria-required=\"true\" aria-invalid=\"false\" placeholder=\"Empresa*\" \/><\/span> <\/label><\/p>\n<p><label><span class=\"wpcf7-form-control-wrap mensagem\"><textarea name=\"mensagem\" cols=\"40\" rows=\"10\" class=\"wpcf7-form-control wpcf7-textarea\" aria-invalid=\"false\"><\/textarea><\/span><\/label><\/p>\n<p><input type=\"submit\" value=\"Enviar mensagem\" class=\"wpcf7-form-control wpcf7-submit\" \/><\/p>\n<div class=\"wpcf7-response-output\" aria-hidden=\"true\"><\/div><\/form><\/div>[\/vc_column][vc_column css_animation=&#8221;top-to-bottom&#8221; width=&#8221;1\/2&#8243;]<div class='dt-sc-small-separator '><\/div>[vc_column_text]<strong style=\"color: #03355f!important;\">CONTATO<\/strong><\/p>\n<p>Entre em contato com nossa equipe e solicite cota\u00e7\u00e3o para o servi\u00e7o que precisa.[\/vc_column_text]<div class='dt-sc-single-line-dashed-separator '><\/div>[vc_column_text]<strong style=\"color: #03355f!important;\">MATRIZ<\/strong>[\/vc_column_text]<div class='dt-sc-contact-info type1 '><span class='fa fa-phone'> <\/span><a href=\"tel:552731412009\"><span class=\"telefone_contat\">+55 (27) 3141 2009<\/span><\/a><\/div><div class='dt-sc-contact-info type1 '><span class='fa fa-whatsapp'> <\/span><a href=\"https:\/\/linktr.ee\/acglobaltravel\" target=\"_blank\" rel=\"noopener noreferrer\"><span class=\"telefone_contat\">\u200e+55 (27) 99767 2009<\/span><\/a><\/div><div class='dt-sc-contact-info type1 '><span class='pe-icon pe-mail'> <\/span>E-mail de atendimento<\/p>\n<p><a title=\"\" href=\"mailto:comercial@acglobaltravel.com\">comercial@acglobaltravel.com <\/a><\/div><div class='dt-sc-contact-info type1 '><span class='pe-icon pe-map-marker'> <\/span>R. Jos\u00e9 Alexandre Buaiz, 300 &#8211; F20<\/p>\n<p>Enseada do Su\u00e1, Vit\u00f3ria Brasil- ES, 29050-545<\/div><div class='dt-sc-single-line-dashed-separator '><\/div>[vc_column_text]<span style=\"color: #03355f;\"><b>FILIAL<\/b><\/span>[\/vc_column_text]<div class='dt-sc-contact-info type1 '><span class='fa fa-phone'> <\/span><a href=\"tel:5521971632009\"><span class=\"telefone_contat\">+55 (21) 97163 2009<\/span><\/a><\/div><div class='dt-sc-contact-info type1 '><span class='fa fa-whatsapp'> <\/span><a href=\"https:\/\/linktr.ee\/acglobaltravel\" target=\"_blank\" rel=\"noopener noreferrer\"><span class=\"telefone_contat\">+55 (21) 97163 2009<\/span><\/a><\/div><div class='dt-sc-contact-info type1 '><span class='pe-icon pe-mail'> <\/span>E-mail de atendimento<\/p>\n<p><a title=\"\" href=\"mailto:comercial@acglobaltravel.com\">comercial@acglobaltravel.com <\/a><\/div><div class='dt-sc-contact-info type1 '><span class='pe-icon pe-map-marker'> <\/span>Rua Lauro Muller, 00116, Sala 3201, Botafogo<\/p>\n<p>Rio de Janeiro, CEP: 22.290-160, Brasil.<\/div><div class='dt-sc-single-line-dashed-separator '><\/div><div class='dt-sc-contact-info type1 '><span class='icon icon-timer'> <\/span><p>Atendimento 24 horas e 7 dias por semana.<\/p>\n<p><strong>Fale com nossa equipe.<\/strong><\/p><\/div>[\/vc_column][\/vc_row][vc_row full_width=&#8221;stretch_row_content_no_spaces&#8221; css=&#8221;.vc_custom_1609368406588{margin-top: 50px !important;margin-bottom: 0px !important;padding-bottom: 0px !important;}&#8221;][vc_column][vc_raw_html]JTNDaWZyYW1lJTIwc3JjJTNEJTIyaHR0cHMlM0ElMkYlMkZ3d3cuZ29vZ2xlLmNvbSUyRm1hcHMlMkZlbWJlZCUzRnBiJTNEJTIxMW0xOCUyMTFtMTIlMjExbTMlMjExZDM3NDEuNzIzOTE0NDMwMTMxJTIxMmQtNDAuMjk0MzU4Mjg1MTQzMjUlMjEzZC0yMC4zMTE2OTE3NTU1MzY3NDYlMjEybTMlMjExZjAlMjEyZjAlMjEzZjAlMjEzbTIlMjExaTEwMjQlMjEyaTc2OCUyMTRmMTMuMSUyMTNtMyUyMTFtMiUyMTFzMHhiODE3YzdhOGE3YzNlYiUyNTNBMHhmZmZmMjJhMGQ4ZjZlN2MlMjEyc0FDJTI1MjBHbG9iYWwlMjUyMFRyYXZlbCUyMTVlMCUyMTNtMiUyMTFzZW4lMjEyc2JyJTIxNHYxNjA4MzE5MDQxMTgzJTIxNW0yJTIxMXNlbiUyMTJzYnIlMjIlMjB3aWR0aCUzRCUyMjEwMCUyNSUyMiUyMGhlaWdodCUzRCUyMjQ1MCUyMiUyMGZyYW1lYm9yZGVyJTNEJTIyMCUyMiUyMHN0eWxlJTNEJTIyYm9yZGVyJTNBMCUzQiUyMiUyMGFsbG93ZnVsbHNjcmVlbiUzRCUyMiUyMiUyMGFyaWEtaGlkZGVuJTNEJTIyZmFsc2UlMjIlMjB0YWJpbmRleCUzRCUyMjAlMjIlM0UlM0MlMkZpZnJhbWUlM0U=[\/vc_raw_html][\/vc_column][\/vc_row]<\/p>\n","protected":false},"excerpt":{"rendered":"<p>[vc_row full_width=&#8221;stretch_row_content_no_spaces&#8221; full_height=&#8221;yes&#8221; content_placement=&#8221;middle&#8221; bg_type=&#8221;image&#8221; parallax_style=&#8221;vcpb-default&#8221; bg_image_new=&#8221;id^1897|url^http:\/\/acglobaltravel.com\/site\/wp-content\/uploads\/2020\/12\/contato-1.png|caption^null|alt^null|title^contato|description^null&#8221; bg_image_repeat=&#8221;no-repeat&#8221; css=&#8221;.vc_custom_1609368651065{margin-bottom: 50px !important;padding-top: 100px !important;padding-bottom: 100px !important;}&#8221; el_id=&#8221;fundo_linha&#8221;][vc_column][vc_row_inner spacing=&#8221;default_no_spaces&#8221;][vc_column_inner][vc_column_text] CONTATO [\/vc_column_text][\/vc_column_inner][\/vc_row_inner][\/vc_column][\/vc_row][vc_row content_placement=&#8221;middle&#8221; css_animation=&#8221;fadeInLeft&#8221; el_id=&#8221;contato&#8221; css=&#8221;.vc_custom_1609368895340{padding-top: 150px !important;}&#8221; el_class=&#8221;linha_098&#8243;][vc_column css_animation=&#8221;top-to-bottom&#8221; width=&#8221;1\/2&#8243;][\/vc_column][vc_column css_animation=&#8221;top-to-bottom&#8221; width=&#8221;1\/2&#8243;][vc_column_text]CONTATO Entre em contato com nossa equipe e solicite cota\u00e7\u00e3o para o servi\u00e7o que precisa.[\/vc_column_text][vc_column_text]MATRIZ[\/vc_column_text][vc_column_text]FILIAL[\/vc_column_text][\/vc_column][\/vc_row][vc_row full_width=&#8221;stretch_row_content_no_spaces&#8221; css=&#8221;.vc_custom_1609368406588{margin-top: 50px !important;margin-bottom: 0px !important;padding-bottom: 0px !important;}&#8221;][vc_column][vc_raw_html]JTNDaWZyYW1lJTIwc3JjJTNEJTIyaHR0cHMlM0ElMkYlMkZ3d3cuZ29vZ2xlLmNvbSUyRm1hcHMlMkZlbWJlZCUzRnBiJTNEJTIxMW0xOCUyMTFtMTIlMjExbTMlMjExZDM3NDEuNzIzOTE0NDMwMTMxJTIxMmQtNDAuMjk0MzU4Mjg1MTQzMjUlMjEzZC0yMC4zMTE2OTE3NTU1MzY3NDYlMjEybTMlMjExZjAlMjEyZjAlMjEzZjAlMjEzbTIlMjExaTEwMjQlMjEyaTc2OCUyMTRmMTMuMSUyMTNtMyUyMTFtMiUyMTFzMHhiODE3YzdhOGE3YzNlYiUyNTNBMHhmZmZmMjJhMGQ4ZjZlN2MlMjEyc0FDJTI1MjBHbG9iYWwlMjUyMFRyYXZlbCUyMTVlMCUyMTNtMiUyMTFzZW4lMjEyc2JyJTIxNHYxNjA4MzE5MDQxMTgzJTIxNW0yJTIxMXNlbiUyMTJzYnIlMjIlMjB3aWR0aCUzRCUyMjEwMCUyNSUyMiUyMGhlaWdodCUzRCUyMjQ1MCUyMiUyMGZyYW1lYm9yZGVyJTNEJTIyMCUyMiUyMHN0eWxlJTNEJTIyYm9yZGVyJTNBMCUzQiUyMiUyMGFsbG93ZnVsbHNjcmVlbiUzRCUyMiUyMiUyMGFyaWEtaGlkZGVuJTNEJTIyZmFsc2UlMjIlMjB0YWJpbmRleCUzRCUyMjAlMjIlM0UlM0MlMkZpZnJhbWUlM0U=[\/vc_raw_html][\/vc_column][\/vc_row]<\/p>\n","protected":false},"author":1,"featured_media":0,"parent":0,"menu_order":0,"comment_status":"closed","ping_status":"closed","template":"","meta":{"footnotes":""},"_links":{"self":[{"href":"https:\/\/acglobaltravel.com\/agenciamaritima\/wp-json\/wp\/v2\/pages\/405"}],"collection":[{"href":"https:\/\/acglobaltravel.com\/agenciamaritima\/wp-json\/wp\/v2\/pages"}],"about":[{"href":"https:\/\/acglobaltravel.com\/agenciamaritima\/wp-json\/wp\/v2\/types\/page"}],"author":[{"embeddable":true,"href":"https:\/\/acglobaltravel.com\/agenciamaritima\/wp-json\/wp\/v2\/users\/1"}],"replies":[{"embeddable":true,"href":"https:\/\/acglobaltravel.com\/agenciamaritima\/wp-json\/wp\/v2\/comments?post=405"}],"version-history":[{"count":61,"href":"https:\/\/acglobaltravel.com\/agenciamaritima\/wp-json\/wp\/v2\/pages\/405\/revisions"}],"predecessor-version":[{"id":2421,"href":"https:\/\/acglobaltravel.com\/agenciamaritima\/wp-json\/wp\/v2\/pages\/405\/revisions\/2421"}],"wp:attachment":[{"href":"https:\/\/acglobaltravel.com\/agenciamaritima\/wp-json\/wp\/v2\/media?parent=405"}],"curies":[{"name":"wp","href":"https:\/\/api.w.org\/{rel}","templated":true}]}}