{"id":63,"date":"2016-09-21T09:19:39","date_gmt":"2016-09-21T09:19:39","guid":{"rendered":"http:\/\/finanancial.wpengine.com\/?page_id=63"},"modified":"2021-11-16T21:29:29","modified_gmt":"2021-11-17T00:29:29","slug":"servicos","status":"publish","type":"page","link":"https:\/\/acglobaltravel.com\/agenciamaritima\/servicos\/","title":{"rendered":"Servi\u00e7os"},"content":{"rendered":"<p>[vc_row full_width=&#8221;stretch_row_content_no_spaces&#8221; full_height=&#8221;yes&#8221; content_placement=&#8221;middle&#8221; css_animation=&#8221;none&#8221; bg_type=&#8221;image&#8221; parallax_style=&#8221;vcpb-default&#8221; bg_image_new=&#8221;id^2365|url^https:\/\/acglobaltravel.com\/agenciamaritima\/wp-content\/uploads\/2021\/01\/servicos-1.png|caption^null|alt^null|title^servicos|description^null&#8221; bg_image_repeat=&#8221;no-repeat&#8221; css=&#8221;.vc_custom_1609952853828{margin-bottom: 50px !important;padding-top: 100px !important;padding-bottom: 100px !important;}&#8221;][vc_column][vc_row_inner spacing=&#8221;default_no_spaces&#8221;][vc_column_inner][vc_column_text]<\/p>\n<h2 style=\"text-align: center; color: #fff; font-size: 3.5em; font-weight: bold;\">SERVI\u00c7OS<\/h2>\n<p>[\/vc_column_text]<div class=\"ult-just-icon-wrapper  \"><div class=\"align-icon\" style=\"text-align:center;\">\n<a class=\"aio-tooltip 69e13d71333d2\" href=\"#servicos\"  data-toggle=\"tooltip\" data-placement=\"\"><div class=\"aio-icon none \" data-animation=\"bounceInDown\" data-animation-delay=\"03\" style=\"color:#ffffff;font-size:32px;display:inline-block;\">\n\t<i class=\"Defaults-angle-down\"><\/i>\n<\/div><\/a><\/div><\/div>[\/vc_column_inner][\/vc_row_inner][\/vc_column][\/vc_row][vc_row full_width=&#8221;stretch_row&#8221; css_animation=&#8221;fadeInLeftBig&#8221; css=&#8221;.vc_custom_1609351183949{margin-top: -60px !important;padding-top: 13% !important;padding-bottom: 11% !important;background-color: #f0f5f5 !important;}&#8221; el_id=&#8221;servicos&#8221;][vc_column]<div class='dt-sc-title with-two-border aligncenter'><h2>AC GLOBAL TRAVEL<\/h2><\/div>[vc_column_text css=&#8221;.vc_custom_1608320490221{margin-top: 10px !important;padding-right: 20% !important;padding-left: 20% !important;}&#8221;]<\/p>\n<p style=\"text-align: center;\">Conte com nossa empresa para realizar os seguintes servi\u00e7os:<\/p>\n<p>[\/vc_column_text]<div class=\"ult-spacer spacer-69e13d713343a\" data-id=\"69e13d713343a\" data-height=\"50\" data-height-mobile=\"50\" data-height-tab=\"50\" data-height-tab-portrait=\"\" data-height-mobile-landscape=\"\" style=\"clear:both;display:block;\"><\/div>[vc_row_inner el_class=&#8221;service-flip-height&#8221;][vc_column_inner width=&#8221;1\/4&#8243;]<div class='dt-sc-icon-title type2 fonte_principal'><div class=\"dt-sc-icon-front\"><div class=\"icon-wrapper\"><span><img loading=\"lazy\" decoding=\"async\" width=\"500\" height=\"500\" src=\"https:\/\/acglobaltravel.com\/agenciamaritima\/wp-content\/uploads\/2021\/01\/LONGO-CURSO-\u00cdCONE-500x500-1.png\" class=\"attachment-full\" alt=\"\" srcset=\"https:\/\/acglobaltravel.com\/agenciamaritima\/wp-content\/uploads\/2021\/01\/LONGO-CURSO-\u00cdCONE-500x500-1.png 500w, https:\/\/acglobaltravel.com\/agenciamaritima\/wp-content\/uploads\/2021\/01\/LONGO-CURSO-\u00cdCONE-500x500-1-300x300.png 300w\" sizes=\"(max-width: 500px) 100vw, 500px\" \/><\/span><\/div><h4><a href='http:\/\/acglobaltravel.com\/site\/shortcodes\/contato\/' title='Saiba mais' target='_self'>LONGO CURSO<\/a><\/h4><\/div><div class=\"icon-content\"><p>Agenciamento mar\u00edtimo para navega\u00e7\u00e3o realizada entre portos brasileiros e estrangeiros.<\/p><\/div><\/div>[\/vc_column_inner][vc_column_inner width=&#8221;1\/4&#8243;]<div class='dt-sc-icon-title type2 fonte_principal'><div class=\"dt-sc-icon-front\"><div class=\"icon-wrapper\"><span><img loading=\"lazy\" decoding=\"async\" width=\"1080\" height=\"1080\" src=\"https:\/\/acglobaltravel.com\/agenciamaritima\/wp-content\/uploads\/2020\/12\/AGENTE-DO-ARMADOR-ICONE.png\" class=\"attachment-full\" alt=\"\" srcset=\"https:\/\/acglobaltravel.com\/agenciamaritima\/wp-content\/uploads\/2020\/12\/AGENTE-DO-ARMADOR-ICONE.png 1080w, https:\/\/acglobaltravel.com\/agenciamaritima\/wp-content\/uploads\/2020\/12\/AGENTE-DO-ARMADOR-ICONE-300x300.png 300w, https:\/\/acglobaltravel.com\/agenciamaritima\/wp-content\/uploads\/2020\/12\/AGENTE-DO-ARMADOR-ICONE-1024x1024.png 1024w, https:\/\/acglobaltravel.com\/agenciamaritima\/wp-content\/uploads\/2020\/12\/AGENTE-DO-ARMADOR-ICONE-768x768.png 768w, https:\/\/acglobaltravel.com\/agenciamaritima\/wp-content\/uploads\/2020\/12\/AGENTE-DO-ARMADOR-ICONE-500x500.png 500w, https:\/\/acglobaltravel.com\/agenciamaritima\/wp-content\/uploads\/2020\/12\/AGENTE-DO-ARMADOR-ICONE-100x100.png 100w, https:\/\/acglobaltravel.com\/agenciamaritima\/wp-content\/uploads\/2020\/12\/AGENTE-DO-ARMADOR-ICONE-150x150.png 150w\" sizes=\"(max-width: 1080px) 100vw, 1080px\" \/><\/span><\/div><h4><a href='http:\/\/acglobaltravel.com\/site\/shortcodes\/contato\/' title='Contato' target='_self'>AGENTE DO ARMADOR E OU AFRETADOR<\/a><\/h4><\/div><div class=\"icon-content\"><p>Representamos os interesses do armador ou do afretador\/fretador do navio por meio da gest\u00e3o n\u00e1utica ou comercial, dependendo da outorga de poderes que nos s\u00e3o conferida pelo outorgante.<\/p><\/div><\/div>[\/vc_column_inner][vc_column_inner width=&#8221;1\/4&#8243;]<div class='dt-sc-icon-title type2 fonte_principal'><div class=\"dt-sc-icon-front\"><div class=\"icon-wrapper\"><span><img loading=\"lazy\" decoding=\"async\" width=\"768\" height=\"768\" src=\"https:\/\/acglobaltravel.com\/agenciamaritima\/wp-content\/uploads\/2021\/01\/TRANSPORTE-DE-MAT\u00c9RIAS-PARA-PLATAFORMAS-768x768-1.png\" class=\"attachment-full\" alt=\"\" srcset=\"https:\/\/acglobaltravel.com\/agenciamaritima\/wp-content\/uploads\/2021\/01\/TRANSPORTE-DE-MAT\u00c9RIAS-PARA-PLATAFORMAS-768x768-1.png 768w, https:\/\/acglobaltravel.com\/agenciamaritima\/wp-content\/uploads\/2021\/01\/TRANSPORTE-DE-MAT\u00c9RIAS-PARA-PLATAFORMAS-768x768-1-300x300.png 300w\" sizes=\"(max-width: 768px) 100vw, 768px\" \/><\/span><\/div><h4><a href='http:\/\/acglobaltravel.com\/site\/shortcodes\/contato\/' title='Contato' target='_self'>TRANSPORTE DE MAT\u00c9RIAS PARA PLATAFORMAS<\/a><\/h4><\/div><div class=\"icon-content\"><p>Devido \u00e0 complexidade das opera\u00e7\u00f5es offshore, elas demandam muito suporte \u2014 e nosso setor de log\u00edstica \u00e9 capaz de proporcionar isso. Dessa forma, sua empresa est\u00e1 garantida com a efic\u00e1cia e o bom andamento dessas demandas.<\/p><\/div><\/div>[\/vc_column_inner][vc_column_inner width=&#8221;1\/4&#8243;]<div class='dt-sc-icon-title type2 fonte_principal'><div class=\"dt-sc-icon-front\"><div class=\"icon-wrapper\"><span><img loading=\"lazy\" decoding=\"async\" width=\"1080\" height=\"1080\" src=\"https:\/\/acglobaltravel.com\/agenciamaritima\/wp-content\/uploads\/2020\/12\/APOIO-A-PLATAFORMAS.png\" class=\"attachment-full\" alt=\"\" srcset=\"https:\/\/acglobaltravel.com\/agenciamaritima\/wp-content\/uploads\/2020\/12\/APOIO-A-PLATAFORMAS.png 1080w, https:\/\/acglobaltravel.com\/agenciamaritima\/wp-content\/uploads\/2020\/12\/APOIO-A-PLATAFORMAS-300x300.png 300w, https:\/\/acglobaltravel.com\/agenciamaritima\/wp-content\/uploads\/2020\/12\/APOIO-A-PLATAFORMAS-1024x1024.png 1024w, https:\/\/acglobaltravel.com\/agenciamaritima\/wp-content\/uploads\/2020\/12\/APOIO-A-PLATAFORMAS-768x768.png 768w, https:\/\/acglobaltravel.com\/agenciamaritima\/wp-content\/uploads\/2020\/12\/APOIO-A-PLATAFORMAS-500x500.png 500w, https:\/\/acglobaltravel.com\/agenciamaritima\/wp-content\/uploads\/2020\/12\/APOIO-A-PLATAFORMAS-100x100.png 100w, https:\/\/acglobaltravel.com\/agenciamaritima\/wp-content\/uploads\/2020\/12\/APOIO-A-PLATAFORMAS-150x150.png 150w\" sizes=\"(max-width: 1080px) 100vw, 1080px\" \/><\/span><\/div><h4><a href='http:\/\/acglobaltravel.com\/site\/shortcodes\/contato\/' title='Contato' target='_self'>APOIO \u00c0 PLATAFORMAS<\/a><\/h4><\/div><div class=\"icon-content\"><p>Apoio log\u00edstico \u00e0s plataformas, levando os suprimentos necess\u00e1rios e realizando v\u00e1rios servi\u00e7os para suas opera\u00e7\u00f5es.<\/p><\/div><\/div>[\/vc_column_inner][\/vc_row_inner][vc_row_inner css=&#8221;.vc_custom_1469075259674{margin-bottom: 0px !important;}&#8221; el_class=&#8221;service-flip-height&#8221;][vc_column_inner width=&#8221;1\/4&#8243;]<div class='dt-sc-icon-title type2 fonte_principal'><div class=\"dt-sc-icon-front\"><div class=\"icon-wrapper\"><span><img loading=\"lazy\" decoding=\"async\" width=\"768\" height=\"768\" src=\"https:\/\/acglobaltravel.com\/agenciamaritima\/wp-content\/uploads\/2021\/01\/SERVI\u00c7OS-ADUANEIROS-768x768-1.png\" class=\"attachment-full\" alt=\"\" srcset=\"https:\/\/acglobaltravel.com\/agenciamaritima\/wp-content\/uploads\/2021\/01\/SERVI\u00c7OS-ADUANEIROS-768x768-1.png 768w, https:\/\/acglobaltravel.com\/agenciamaritima\/wp-content\/uploads\/2021\/01\/SERVI\u00c7OS-ADUANEIROS-768x768-1-300x300.png 300w\" sizes=\"(max-width: 768px) 100vw, 768px\" \/><\/span><\/div><h4><a href='http:\/\/acglobaltravel.com\/site\/shortcodes\/contato\/' title='Contato' target='_self'>SERVI\u00c7OS ADUANEIROS<\/a><\/h4><\/div><div class=\"icon-content\"><p>Adotando as provid\u00eancias necess\u00e1rias aos seus despachos junto a Capitania dos Portos, libera\u00e7\u00e3o da Anvisa, Receita Federal e Pol\u00edcia federal e tudo que se relacione com o navio, perante as autoridades brasileiras.<\/p><\/div><\/div>[\/vc_column_inner][vc_column_inner width=&#8221;1\/4&#8243;]<div class='dt-sc-icon-title type2 fonte_principal'><div class=\"dt-sc-icon-front\"><div class=\"icon-wrapper\"><span><img loading=\"lazy\" decoding=\"async\" width=\"1024\" height=\"1024\" src=\"https:\/\/acglobaltravel.com\/agenciamaritima\/wp-content\/uploads\/2021\/01\/SERVI\u00c7OS-PARA-TRIPULA\u00c7\u00c3O-1024x1024-1.png\" class=\"attachment-full\" alt=\"\" srcset=\"https:\/\/acglobaltravel.com\/agenciamaritima\/wp-content\/uploads\/2021\/01\/SERVI\u00c7OS-PARA-TRIPULA\u00c7\u00c3O-1024x1024-1.png 1024w, https:\/\/acglobaltravel.com\/agenciamaritima\/wp-content\/uploads\/2021\/01\/SERVI\u00c7OS-PARA-TRIPULA\u00c7\u00c3O-1024x1024-1-300x300.png 300w, https:\/\/acglobaltravel.com\/agenciamaritima\/wp-content\/uploads\/2021\/01\/SERVI\u00c7OS-PARA-TRIPULA\u00c7\u00c3O-1024x1024-1-768x768.png 768w\" sizes=\"(max-width: 1024px) 100vw, 1024px\" \/><\/span><\/div><h4><a href='http:\/\/acglobaltravel.com\/site\/shortcodes\/contato\/' title='Contato' target='_self'>SERVI\u00c7OS PARA TRIPULA\u00c7\u00c3O<\/a><\/h4><\/div><div class=\"icon-content\"><p>Oferecemos uma log\u00edstica de tripula\u00e7\u00e3o e pessoal, tendo a abordagem humana como nossa vis\u00e3o central. Troca de turma, atendimento hospitalar, Visa e etc.<\/p><\/div><\/div>[\/vc_column_inner][vc_column_inner width=&#8221;1\/4&#8243;]<div class='dt-sc-icon-title type2 fonte_principal'><div class=\"dt-sc-icon-front\"><div class=\"icon-wrapper\"><span class='icon icon-shield'> <\/span><\/div><h4><a href='http:\/\/acglobaltravel.com\/site\/shortcodes\/contato\/' title='Contato' target='_self'>ATENDIMENTO OPERACIONAL DO NAVIO<\/a><\/h4><\/div><div class=\"icon-content\"><p>AGENCIAMENTO TOTAL, PROTETOR, HUSBANDRY, OWNERS E CHARTERER\u00b4S AGENT.<\/p><\/div><\/div>[\/vc_column_inner][vc_column_inner width=&#8221;1\/4&#8243;]<div class='dt-sc-icon-title type2 fonte_principal'><div class=\"dt-sc-icon-front\"><div class=\"icon-wrapper\"><span><img loading=\"lazy\" decoding=\"async\" width=\"768\" height=\"768\" src=\"https:\/\/acglobaltravel.com\/agenciamaritima\/wp-content\/uploads\/2021\/01\/LIBERA\u00c7\u00c3O-DE-PARTES-768x768-1.png\" class=\"attachment-full\" alt=\"\" srcset=\"https:\/\/acglobaltravel.com\/agenciamaritima\/wp-content\/uploads\/2021\/01\/LIBERA\u00c7\u00c3O-DE-PARTES-768x768-1.png 768w, https:\/\/acglobaltravel.com\/agenciamaritima\/wp-content\/uploads\/2021\/01\/LIBERA\u00c7\u00c3O-DE-PARTES-768x768-1-300x300.png 300w\" sizes=\"(max-width: 768px) 100vw, 768px\" \/><\/span><\/div><h4><a href='http:\/\/acglobaltravel.com\/site\/shortcodes\/contato\/' title='Contato' target='_self'>LIBERA\u00c7\u00c3O E ENTREGA DE PE\u00c7AS DE NAVIOS (SPARE PARTS)<\/a><\/h4><\/div><div class=\"icon-content\"><p>INCLUINDO O DESEMBARA\u00c7O ADUANEIRO DTA;<\/p><\/div><\/div>[\/vc_column_inner][\/vc_row_inner][vc_row_inner css=&#8221;.vc_custom_1469075259674{margin-bottom: 0px !important;}&#8221; el_class=&#8221;service-flip-height&#8221;][vc_column_inner width=&#8221;1\/4&#8243;]<div class='dt-sc-icon-title type2 fonte_principal'><div class=\"dt-sc-icon-front\"><div class=\"icon-wrapper\"><span><img loading=\"lazy\" decoding=\"async\" width=\"1080\" height=\"1080\" src=\"https:\/\/acglobaltravel.com\/agenciamaritima\/wp-content\/uploads\/2020\/12\/ATENDIMENTO-A-ESCALAS.png\" class=\"attachment-full\" alt=\"\" srcset=\"https:\/\/acglobaltravel.com\/agenciamaritima\/wp-content\/uploads\/2020\/12\/ATENDIMENTO-A-ESCALAS.png 1080w, https:\/\/acglobaltravel.com\/agenciamaritima\/wp-content\/uploads\/2020\/12\/ATENDIMENTO-A-ESCALAS-300x300.png 300w, https:\/\/acglobaltravel.com\/agenciamaritima\/wp-content\/uploads\/2020\/12\/ATENDIMENTO-A-ESCALAS-1024x1024.png 1024w, https:\/\/acglobaltravel.com\/agenciamaritima\/wp-content\/uploads\/2020\/12\/ATENDIMENTO-A-ESCALAS-768x768.png 768w, https:\/\/acglobaltravel.com\/agenciamaritima\/wp-content\/uploads\/2020\/12\/ATENDIMENTO-A-ESCALAS-500x500.png 500w, https:\/\/acglobaltravel.com\/agenciamaritima\/wp-content\/uploads\/2020\/12\/ATENDIMENTO-A-ESCALAS-100x100.png 100w, https:\/\/acglobaltravel.com\/agenciamaritima\/wp-content\/uploads\/2020\/12\/ATENDIMENTO-A-ESCALAS-150x150.png 150w\" sizes=\"(max-width: 1080px) 100vw, 1080px\" \/><\/span><\/div><h4><a href='http:\/\/acglobaltravel.com\/site\/shortcodes\/contato\/' title='Contato' target='_self'>ATENDIMENTO A ESCALAS<\/a><\/h4><\/div><div class=\"icon-content\"><p>ABASTECIMENTO, REPAROS, DOCAGEM, SALVATAGEM, ENTRE OUTRAS;<\/p><\/div><\/div>[\/vc_column_inner][vc_column_inner width=&#8221;1\/4&#8243;]<div class='dt-sc-icon-title type2 fonte_principal'><div class=\"dt-sc-icon-front\"><div class=\"icon-wrapper\"><span><img loading=\"lazy\" decoding=\"async\" width=\"1080\" height=\"1080\" src=\"https:\/\/acglobaltravel.com\/agenciamaritima\/wp-content\/uploads\/2020\/12\/FOLLOW-UP.png\" class=\"attachment-full\" alt=\"\" srcset=\"https:\/\/acglobaltravel.com\/agenciamaritima\/wp-content\/uploads\/2020\/12\/FOLLOW-UP.png 1080w, https:\/\/acglobaltravel.com\/agenciamaritima\/wp-content\/uploads\/2020\/12\/FOLLOW-UP-300x300.png 300w, https:\/\/acglobaltravel.com\/agenciamaritima\/wp-content\/uploads\/2020\/12\/FOLLOW-UP-1024x1024.png 1024w, https:\/\/acglobaltravel.com\/agenciamaritima\/wp-content\/uploads\/2020\/12\/FOLLOW-UP-768x768.png 768w, https:\/\/acglobaltravel.com\/agenciamaritima\/wp-content\/uploads\/2020\/12\/FOLLOW-UP-500x500.png 500w, https:\/\/acglobaltravel.com\/agenciamaritima\/wp-content\/uploads\/2020\/12\/FOLLOW-UP-100x100.png 100w, https:\/\/acglobaltravel.com\/agenciamaritima\/wp-content\/uploads\/2020\/12\/FOLLOW-UP-150x150.png 150w\" sizes=\"(max-width: 1080px) 100vw, 1080px\" \/><\/span><\/div><h4><a href='http:\/\/acglobaltravel.com\/site\/shortcodes\/contato\/' title='Contato' target='_self'>FOLLOW-UPS DI\u00c1RIOS<\/a><\/h4><\/div><div class=\"icon-content\"><p>ANTES DA ATRACA\u00c7\u00c3O E DURANTE A OPERA\u00c7\u00c3O DE CARGA E DESCARGA.<\/p><\/div><\/div>[\/vc_column_inner][vc_column_inner width=&#8221;1\/4&#8243;]<div class='dt-sc-icon-title type2 fonte_principal'><div class=\"dt-sc-icon-front\"><div class=\"icon-wrapper\"><span><img loading=\"lazy\" decoding=\"async\" width=\"243\" height=\"243\" src=\"https:\/\/acglobaltravel.com\/agenciamaritima\/wp-content\/uploads\/2021\/11\/FOLLOW-UP.png\" class=\"attachment-full\" alt=\"\" \/><\/span><\/div><h4><a href='http:\/\/acglobaltravel.com\/site\/shortcodes\/contato\/' title='Contato' target='_self'>DESPACHO ADUANEIRO<\/a><\/h4><\/div><div class=\"icon-content\"><p><p style=\"font-weight: 400; text-transform: uppercase;\">Adotando as provid\u00eancias necess\u00e1rias aos seus despachos junto a Capitania dos Portos, libera\u00e7\u00e3o da Anvisa, Receita Federal e Pol\u00edcia federal e tudo que se relacione com o navio, perante as autoridades brasileiras.<\/p><\/p><\/div><\/div>[\/vc_column_inner][vc_column_inner width=&#8221;1\/4&#8243;][\/vc_column_inner][\/vc_row_inner][\/vc_column][\/vc_row][vc_row full_width=&#8221;stretch_row&#8221; equal_height=&#8221;yes&#8221; content_placement=&#8221;middle&#8221; parallax=&#8221;content-moving&#8221; parallax_image=&#8221;1920&#8243; css_animation=&#8221;fadeInLeft&#8221; css=&#8221;.vc_custom_1609351077300{padding-top: 1% !important;padding-bottom: 0px !important;}&#8221;][vc_column width=&#8221;1\/3&#8243;]<div class=\"ult-spacer spacer-69e13d71352b9\" data-id=\"69e13d71352b9\" data-height=\"100\" data-height-mobile=\"\" data-height-tab=\"100\" data-height-tab-portrait=\"\" data-height-mobile-landscape=\"\" style=\"clear:both;display:block;\"><\/div>[vc_custom_heading text=&#8221;ATENDIMENTO EM TODO O TERRIT\u00d3RIO BRASILEIRO&#8221; font_container=&#8221;tag:h2|font_size:30|text_align:left|color:%23ffffff&#8221; use_theme_fonts=&#8221;yes&#8221; css=&#8221;.vc_custom_1608564502777{margin-bottom: 35px !important;}&#8221;][vc_custom_heading text=&#8221;AC Global Travel est\u00e1 presente nos principais portos do Brasil para realizar quaisquer demanda na qual for contratada. Nossos agentes mar\u00edtimos s\u00e3o profissionais, altamamente qualificados e em regime de 24 horas, n\u00f3s entregamos uma assist\u00eancia de primeira linha para qualquer navio e\/ou opera\u00e7\u00e3o.&#8221; font_container=&#8221;tag:p|text_align:left|color:%23ffffff&#8221; use_theme_fonts=&#8221;yes&#8221; css=&#8221;.vc_custom_1609352180515{margin-bottom: 35px !important;}&#8221;]<a href='https:\/\/acglobaltravel.com\/agenciamaritima\/contato\/' target='_self' title='Contato' class='dt-sc-button   medium   filled rounded-corner  botao_x1'  style=\"background-color:#ffffff;border-color:#ffffff;color:#ffffff;\">FALE CONOSCO <\/a><div class=\"ult-spacer spacer-69e13d7135326\" data-id=\"69e13d7135326\" data-height=\"100\" data-height-mobile=\"\" data-height-tab=\"100\" data-height-tab-portrait=\"\" data-height-mobile-landscape=\"\" style=\"clear:both;display:block;\"><\/div>[\/vc_column][vc_column el_align=&#8221;center&#8221; width=&#8221;2\/3&#8243;][\/vc_column][\/vc_row][vc_row full_width=&#8221;stretch_row_content_no_spaces&#8221; css=&#8221;.vc_custom_1609366839596{background-color: #03355f !important;}&#8221;][vc_column][vc_raw_html]JTNDc2NyaXB0JTNFJTBBJTI4ZnVuY3Rpb24lMjglMjQlMjklMjAlN0IlMjQlMjglMjcuaWNvbi1jb250ZW50JTI3JTI5LmNsaWNrJTI4ZnVuY3Rpb24lMjglMjklN0IlMEElMjAlMjAlMjB3aW5kb3cubG9jYXRpb24uaHJlZiUzRCUyN2h0dHBzJTNBJTJGJTJGYWNnbG9iYWx0cmF2ZWwuY29tJTJGYWdlbmNpYW1hcml0aW1hJTJGY29udGF0byUyRiUyNyUzQiUwQSU3RCUyOSUyMCU3RCUyOSUyOGpRdWVyeSUyOSUzQiUwQSUzQyUyRnNjcmlwdCUzRQ==[\/vc_raw_html][\/vc_column][\/vc_row]<\/p>\n","protected":false},"excerpt":{"rendered":"<p>[vc_row full_width=&#8221;stretch_row_content_no_spaces&#8221; full_height=&#8221;yes&#8221; content_placement=&#8221;middle&#8221; css_animation=&#8221;none&#8221; bg_type=&#8221;image&#8221; parallax_style=&#8221;vcpb-default&#8221; bg_image_new=&#8221;id^2365|url^https:\/\/acglobaltravel.com\/agenciamaritima\/wp-content\/uploads\/2021\/01\/servicos-1.png|caption^null|alt^null|title^servicos|description^null&#8221; bg_image_repeat=&#8221;no-repeat&#8221; css=&#8221;.vc_custom_1609952853828{margin-bottom: 50px !important;padding-top: 100px !important;padding-bottom: 100px !important;}&#8221;][vc_column][vc_row_inner spacing=&#8221;default_no_spaces&#8221;][vc_column_inner][vc_column_text] SERVI\u00c7OS [\/vc_column_text][\/vc_column_inner][\/vc_row_inner][\/vc_column][\/vc_row][vc_row full_width=&#8221;stretch_row&#8221; css_animation=&#8221;fadeInLeftBig&#8221; css=&#8221;.vc_custom_1609351183949{margin-top: -60px !important;padding-top: 13% !important;padding-bottom: 11% !important;background-color: #f0f5f5 !important;}&#8221; el_id=&#8221;servicos&#8221;][vc_column][vc_column_text css=&#8221;.vc_custom_1608320490221{margin-top: 10px !important;padding-right: 20% !important;padding-left: 20% !important;}&#8221;] Conte com nossa empresa para realizar os seguintes servi\u00e7os: [\/vc_column_text][vc_row_inner el_class=&#8221;service-flip-height&#8221;][vc_column_inner width=&#8221;1\/4&#8243;][\/vc_column_inner][vc_column_inner width=&#8221;1\/4&#8243;][\/vc_column_inner][vc_column_inner width=&#8221;1\/4&#8243;][\/vc_column_inner][vc_column_inner width=&#8221;1\/4&#8243;][\/vc_column_inner][\/vc_row_inner][vc_row_inner css=&#8221;.vc_custom_1469075259674{margin-bottom: 0px [&hellip;]<\/p>\n","protected":false},"author":1,"featured_media":0,"parent":0,"menu_order":0,"comment_status":"closed","ping_status":"closed","template":"","meta":{"footnotes":""},"_links":{"self":[{"href":"https:\/\/acglobaltravel.com\/agenciamaritima\/wp-json\/wp\/v2\/pages\/63"}],"collection":[{"href":"https:\/\/acglobaltravel.com\/agenciamaritima\/wp-json\/wp\/v2\/pages"}],"about":[{"href":"https:\/\/acglobaltravel.com\/agenciamaritima\/wp-json\/wp\/v2\/types\/page"}],"author":[{"embeddable":true,"href":"https:\/\/acglobaltravel.com\/agenciamaritima\/wp-json\/wp\/v2\/users\/1"}],"replies":[{"embeddable":true,"href":"https:\/\/acglobaltravel.com\/agenciamaritima\/wp-json\/wp\/v2\/comments?post=63"}],"version-history":[{"count":63,"href":"https:\/\/acglobaltravel.com\/agenciamaritima\/wp-json\/wp\/v2\/pages\/63\/revisions"}],"predecessor-version":[{"id":2405,"href":"https:\/\/acglobaltravel.com\/agenciamaritima\/wp-json\/wp\/v2\/pages\/63\/revisions\/2405"}],"wp:attachment":[{"href":"https:\/\/acglobaltravel.com\/agenciamaritima\/wp-json\/wp\/v2\/media?parent=63"}],"curies":[{"name":"wp","href":"https:\/\/api.w.org\/{rel}","templated":true}]}}